{"id":371,"date":"2023-10-23T17:43:28","date_gmt":"2023-10-23T17:43:28","guid":{"rendered":"https:\/\/maizchilango.com\/?page_id=371"},"modified":"2023-12-05T01:54:38","modified_gmt":"2023-12-05T01:54:38","slug":"maiz-chilango","status":"publish","type":"page","link":"https:\/\/maizchilango.com\/es\/","title":{"rendered":"Ma\u00edz Chilango"},"content":{"rendered":"<p>[et_pb_section fb_built=&#8221;1&#8243; fullwidth=&#8221;on&#8221; _builder_version=&#8221;4.23.1&#8243; _module_preset=&#8221;default&#8221; min_height_tablet=&#8221;&#8221; min_height_phone=&#8221;&#8221; min_height_last_edited=&#8221;on|desktop&#8221; height_tablet=&#8221;&#8221; height_phone=&#8221;&#8221; height_last_edited=&#8221;on|desktop&#8221; global_colors_info=&#8221;{}&#8221;][et_pb_fullwidth_code _builder_version=&#8221;4.23.1&#8243; _module_preset=&#8221;default&#8221; height_tablet=&#8221;&#8221; height_phone=&#8221;&#8221; height_last_edited=&#8221;on|desktop&#8221; max_height_tablet=&#8221;&#8221; max_height_phone=&#8221;&#8221; max_height_last_edited=&#8221;on|desktop&#8221; global_colors_info=&#8221;{}&#8221;]\n\n<!-- Scrollsequence WP Plugin  -->\n<scrollsequence >\t\n\n\t\t\t\n  <style>\n  \t.scrollsequence-pages-wrap {height:100vh}\n  \t.scrollsequence-page {position:absolute;display:none}\n\n\t.gsap-marker-scroller-start {z-index:999999!important;} \n  <\/style>\t\t\t\n  <noscript> \n\t  <style>\n\t  .scrollsequence-wrap {height:initial!important;}\n\t  .scrollsequence-pages-wrap {height:initial}\n\t  .scrollsequence-page {position:relative;opacity:initial;display:block  ;visibility:initial}\t   \n\t  <\/style> \n  <\/noscript>\n\n  <div style=\"position: fixed;z-index:99999;bottom:50px;left: 100px;background:#383131b0;color:white; padding: 0.5rem; display:none\" class=\"ssq-alert-container\" id=\"ssqalert\" >\n  <\/div>\n\n\t\t\t\n\t\t<style>\n\t\t\t.ssq-center-center{\r\nposition: fixed;\r\nleft: 50%;\r\ntop: 50%;\r\ntransform: translate(-50%, -50%);\r\ntext-align: center;\r\n}\r\n.scrollsequence-pages-wrap {\r\nmargin-top: -95px !important;\r\nmin-height: 950px;\r\n}\r\n\n\t\t<\/style>\n\t\t\t\t\n<section class=\"scrollsequence-wrap ssq-wrap-0 \" id=\"ssq-uid-371-0-720\" style=\";height: calc(100vh + 4000px);padding:0;margin:0; margin-top:0;margin-bottom:0; width:100%; max-width:initial;box-sizing: border-box;border:-1px dashed blue;\">\n  \t<div class=\"scrollsequence-sticky\" style=\"position:relative;box-sizing: border-box;\">\n  \t\t<canvas class=\"scrollsequence-canvas\" style=\"position:absolute;\"><\/canvas>\n\t\t<div class=\"scrollsequence-pages-wrap\" style=\"position:relative; margin:0; padding:0; box-sizing: border-box;\">\n\n\t\t<div class=\"scrollsequence-page\" id=\"ssq-page-0-0\" style=\"box-sizing: border-box;height:100vh;width:100%;overflow:hidden!important;\">\n\t\t\t\t\n\t\t<\/div>  \n\t\t\t\t\t\t\n\t\t<\/div>\n\t<\/div><!-- .scrollsequence-sticky -->\n\n\n<\/section><!-- .scrollsequence-wrap -->\n\t\t<script class=\"scrollsequence-input-script\">\n\t\tvar ssqInput={};\n\t\t\t\tssqInput={\"debug\":[],\"show_footer\":false,\"show_sidebar\":false,\"preloadPercentage\":\"0.12\",\"ssqFyiId\":\"720\",\"siteUrl\":\"https:\\\/\\\/maizchilango.com\"};\n\t\t\t\tssqInput.sc=[];\n\t\t\t\tssqInput.sc[0]={\"ssqId\":\"720\",\"bodyBgColor\":\"#D6AE7A\",\"imageOpacity\":\"1\",\"scrub\":0,\"forceFullWidth\":1,\"zIndex\":null,\"triggerStart\":null,\"triggerEnd\":null,\"canvasDPR\":\"quality\",\"page\":[{\"alignX\":{\"desktop\":\"0.5\",\"mobile\":\"0.5\"},\"alignY\":{\"desktop\":\"0.5\",\"mobile\":\"0.5\"},\"imgDur\":500,\"scaleTo\":{\"desktop\":\"fill\",\"mobile\":\"fill\"},\"animEl\":[],\"imagesFull\":[\"https:\\\/\\\/maizchilango.com\\\/wp-content\\\/uploads\\\/2023\\\/11\\\/Home-foto-int-1.jpg\",\"https:\\\/\\\/maizchilango.com\\\/wp-content\\\/uploads\\\/2023\\\/11\\\/Home-foto-int-2.jpg\",\"https:\\\/\\\/maizchilango.com\\\/wp-content\\\/uploads\\\/2023\\\/11\\\/Home-foto-int-3.jpg\",\"https:\\\/\\\/maizchilango.com\\\/wp-content\\\/uploads\\\/2023\\\/11\\\/Home-foto-int-4.jpg\",\"https:\\\/\\\/maizchilango.com\\\/wp-content\\\/uploads\\\/2023\\\/11\\\/Home-foto-int-5.jpg\",\"https:\\\/\\\/maizchilango.com\\\/wp-content\\\/uploads\\\/2023\\\/11\\\/Home-foto-int-6.jpg\",\"https:\\\/\\\/maizchilango.com\\\/wp-content\\\/uploads\\\/2023\\\/11\\\/Home-foto-int-7.jpg\",\"https:\\\/\\\/maizchilango.com\\\/wp-content\\\/uploads\\\/2023\\\/11\\\/Home-foto-int-8.jpg\"],\"imagesLength\":8,\"animElLength\":0,\"pageSpacer\":4000,\"pageAbsBegin\":0,\"pageAbsEnd\":4000}],\"pageLength\":1,\"scSpacer\":4000,\"position\":\"sticky-js\"};\n\t\t<\/script>\n<\/scrollsequence>\n\t\t[\/et_pb_fullwidth_code][\/et_pb_section][et_pb_section fb_built=&#8221;1&#8243; _builder_version=&#8221;4.23.1&#8243; _module_preset=&#8221;default&#8221; custom_margin=&#8221;250px||||false|false&#8221; global_colors_info=&#8221;{}&#8221;][et_pb_row _builder_version=&#8221;4.23.1&#8243; _module_preset=&#8221;default&#8221; global_colors_info=&#8221;{}&#8221;][et_pb_column type=&#8221;4_4&#8243; _builder_version=&#8221;4.23.1&#8243; _module_preset=&#8221;default&#8221; global_colors_info=&#8221;{}&#8221;][et_pb_text _builder_version=&#8221;4.23.1&#8243; _module_preset=&#8221;default&#8221; global_colors_info=&#8221;{}&#8221;]<\/p>\n<h1 style=\"text-align: center;\"><strong>Conoce historias del ma\u00edz<\/strong><\/h1>\n<p>[\/et_pb_text][\/et_pb_column][\/et_pb_row][et_pb_row column_structure=&#8221;1_4,1_4,1_4,1_4&#8243; _builder_version=&#8221;4.23&#8243; _module_preset=&#8221;default&#8221; global_colors_info=&#8221;{}&#8221;][et_pb_column type=&#8221;1_4&#8243; _builder_version=&#8221;4.23&#8243; _module_preset=&#8221;default&#8221; global_colors_info=&#8221;{}&#8221;][et_pb_image src=&#8221;https:\/\/maizchilango.com\/wp-content\/uploads\/2023\/09\/GretaRico_06.jpg&#8221; url=&#8221;https:\/\/maizchilango.com\/maiz-nativo-el-habitante-de-la-cdmx-que-se-resiste-al-desalojo\/&#8221; _builder_version=&#8221;4.23.1&#8243; _module_preset=&#8221;default&#8221; global_colors_info=&#8221;{}&#8221;][\/et_pb_image][et_pb_text _builder_version=&#8221;4.23.1&#8243; _module_preset=&#8221;default&#8221; header_font=&#8221;|700|||||||&#8221; header_text_color=&#8221;#000000&#8243; link_option_url=&#8221;https:\/\/maizchilango.com\/maiz-nativo-el-habitante-de-la-cdmx-que-se-resiste-al-desalojo\/&#8221; global_colors_info=&#8221;{}&#8221;]<\/p>\n<h1><span><b>M<\/b><b>a\u00edz nativo, el habitante de la CDMX que se resiste al desalojo<\/b><\/span><\/h1>\n<p>[\/et_pb_text][\/et_pb_column][et_pb_column type=&#8221;1_4&#8243; _builder_version=&#8221;4.23&#8243; _module_preset=&#8221;default&#8221; global_colors_info=&#8221;{}&#8221;][et_pb_image src=&#8221;https:\/\/maizchilango.com\/wp-content\/uploads\/2023\/10\/PortadaH2_Color-1-scaled.jpg&#8221; url=&#8221;https:\/\/maizchilango.com\/mujeres-del-maiz-sabiduria-ancestral-contra-una-industria-que-enferma\/&#8221; _builder_version=&#8221;4.23.1&#8243; _module_preset=&#8221;default&#8221; global_colors_info=&#8221;{}&#8221;][\/et_pb_image][et_pb_text _builder_version=&#8221;4.23.1&#8243; _module_preset=&#8221;default&#8221; header_font=&#8221;|700|||||||&#8221; header_text_color=&#8221;#000000&#8243; link_option_url=&#8221;https:\/\/maizchilango.com\/mujeres-del-maiz-sabiduria-ancestral-contra-una-industria-que-enferma\/&#8221; global_colors_info=&#8221;{}&#8221;]<\/p>\n<h1><span>Mujeres de ma\u00edz: sabidur\u00eda ancestral contra una industria que enferma<\/span><\/h1>\n<p>[\/et_pb_text][\/et_pb_column][et_pb_column type=&#8221;1_4&#8243; _builder_version=&#8221;4.23&#8243; _module_preset=&#8221;default&#8221; global_colors_info=&#8221;{}&#8221;][et_pb_image src=&#8221;https:\/\/maizchilango.com\/wp-content\/uploads\/2023\/11\/Portada_Color.jpg&#8221; url=&#8221;https:\/\/maizchilango.com\/es\/su-ciclo\/&#8221; _builder_version=&#8221;4.23.1&#8243; _module_preset=&#8221;default&#8221; hover_enabled=&#8221;0&#8243; global_colors_info=&#8221;{}&#8221; sticky_enabled=&#8221;0&#8243;][\/et_pb_image][et_pb_text _builder_version=&#8221;4.23.1&#8243; _module_preset=&#8221;default&#8221; header_font=&#8221;|700|||||||&#8221; header_text_align=&#8221;center&#8221; text_orientation=&#8221;center&#8221; module_alignment=&#8221;center&#8221; link_option_url=&#8221;https:\/\/maizchilango.com\/su-ciclo\/&#8221; hover_enabled=&#8221;0&#8243; global_colors_info=&#8221;{}&#8221; sticky_enabled=&#8221;0&#8243;]<\/p>\n<h1 style=\"text-align: left;\">El ciclo agr\u00edcola del ma\u00edz nativo y sus afectaciones por el cambio clim\u00e1tico<\/h1>\n<p>[\/et_pb_text][\/et_pb_column][et_pb_column type=&#8221;1_4&#8243; _builder_version=&#8221;4.23&#8243; _module_preset=&#8221;default&#8221; global_colors_info=&#8221;{}&#8221;][et_pb_image src=&#8221;https:\/\/maizchilango.com\/wp-content\/uploads\/2023\/12\/GretaRico_11.jpg&#8221; url=&#8221;https:\/\/maizchilango.com\/es\/del-maiz-hay-que-seguir-hablando\/&#8221; _builder_version=&#8221;4.23.1&#8243; _module_preset=&#8221;default&#8221; hover_enabled=&#8221;0&#8243; global_colors_info=&#8221;{}&#8221; sticky_enabled=&#8221;0&#8243;][\/et_pb_image][et_pb_text _builder_version=&#8221;4.23.1&#8243; _module_preset=&#8221;default&#8221; header_font=&#8221;|700|||||||&#8221; header_text_align=&#8221;center&#8221; text_orientation=&#8221;center&#8221; module_alignment=&#8221;center&#8221; link_option_url=&#8221;https:\/\/maizchilango.com\/es\/del-maiz-hay-que-seguir-hablando\/&#8221; global_colors_info=&#8221;{}&#8221;]<\/p>\n<h1 style=\"text-align: left;\">Del ma\u00edz, hay que seguir hablando<\/h1>\n<p>[\/et_pb_text][\/et_pb_column][\/et_pb_row][\/et_pb_section]<\/p>\n","protected":false},"excerpt":{"rendered":"<p><section><h5 style=\"border:2px solid; padding:20px\">For performance reasons only one shortcode is allowed in Scrollsequence FREE.<br><br> <a href=\"https:\/\/maizchilango.com\/wp-admin\/admin.php?page=scrollsequence-pricing\">Upgrade to PRO version for unlimited shortcodes.<\/a> <\/h5><\/section>Conoce historias del ma\u00edzMa\u00edz nativo, el habitante de la CDMX que se resiste al desalojoMujeres de ma\u00edz: sabidur\u00eda ancestral contra una industria que enfermaEl ciclo agr\u00edcola del ma\u00edz nativo y sus afectaciones por el cambio clim\u00e1ticoDel ma\u00edz, hay que seguir hablando<\/p>\n","protected":false},"author":1,"featured_media":0,"parent":0,"menu_order":0,"comment_status":"closed","ping_status":"closed","template":"","meta":{"_et_pb_use_builder":"on","_et_pb_old_content":"","_et_gb_content_width":"","footnotes":""},"class_list":["post-371","page","type-page","status-publish","hentry"],"_links":{"self":[{"href":"https:\/\/maizchilango.com\/es\/wp-json\/wp\/v2\/pages\/371","targetHints":{"allow":["GET"]}}],"collection":[{"href":"https:\/\/maizchilango.com\/es\/wp-json\/wp\/v2\/pages"}],"about":[{"href":"https:\/\/maizchilango.com\/es\/wp-json\/wp\/v2\/types\/page"}],"author":[{"embeddable":true,"href":"https:\/\/maizchilango.com\/es\/wp-json\/wp\/v2\/users\/1"}],"replies":[{"embeddable":true,"href":"https:\/\/maizchilango.com\/es\/wp-json\/wp\/v2\/comments?post=371"}],"version-history":[{"count":30,"href":"https:\/\/maizchilango.com\/es\/wp-json\/wp\/v2\/pages\/371\/revisions"}],"predecessor-version":[{"id":1141,"href":"https:\/\/maizchilango.com\/es\/wp-json\/wp\/v2\/pages\/371\/revisions\/1141"}],"wp:attachment":[{"href":"https:\/\/maizchilango.com\/es\/wp-json\/wp\/v2\/media?parent=371"}],"curies":[{"name":"wp","href":"https:\/\/api.w.org\/{rel}","templated":true}]}}