{"id":379,"date":"2023-10-23T17:45:01","date_gmt":"2023-10-23T17:45:01","guid":{"rendered":"https:\/\/maizchilango.com\/?page_id=379"},"modified":"2023-12-04T22:19:09","modified_gmt":"2023-12-04T22:19:09","slug":"acerca-de","status":"publish","type":"page","link":"https:\/\/maizchilango.com\/es\/acerca-de\/","title":{"rendered":"Acerca de"},"content":{"rendered":"<p>[et_pb_section fb_built=&#8221;1&#8243; _builder_version=&#8221;4.23.1&#8243; _module_preset=&#8221;default&#8221; background_color=&#8221;#d6ae7a&#8221; custom_padding=&#8221;||0px|||&#8221; global_colors_info=&#8221;{}&#8221;][et_pb_row column_structure=&#8221;3_5,2_5&#8243; _builder_version=&#8221;4.23.1&#8243; _module_preset=&#8221;default&#8221; width_tablet=&#8221;&#8221; width_phone=&#8221;90%&#8221; width_last_edited=&#8221;on|phone&#8221; custom_padding=&#8221;||0px|||&#8221; global_colors_info=&#8221;{}&#8221;][et_pb_column type=&#8221;3_5&#8243; _builder_version=&#8221;4.23&#8243; _module_preset=&#8221;default&#8221; global_colors_info=&#8221;{}&#8221;][et_pb_text _builder_version=&#8221;4.23.1&#8243; _module_preset=&#8221;default&#8221; text_font=&#8221;|800|||||||&#8221; text_font_size=&#8221;28px&#8221; global_colors_info=&#8221;{}&#8221;]<\/p>\n<p><span style=\"color: #ffffff;\">MA\u00cdZ CHILANGO<\/span><\/p>\n<p>[\/et_pb_text][et_pb_text _builder_version=&#8221;4.23.1&#8243; _module_preset=&#8221;default&#8221; text_font_size=&#8221;19px&#8221; text_line_height=&#8221;1.8em&#8221; text_orientation=&#8221;justified&#8221; global_colors_info=&#8221;{}&#8221;]<\/p>\n<p><span style=\"font-weight: 400; color: #ffffff;\">#Ma\u00edzChilango es un proyecto que visibiliza la importancia de preservar y defender las siete especies de ma\u00edz nativo de la CDMX, que resisten en las alcald\u00edas del sur, principalmente gracias al esfuerzo de mujeres que mediante m\u00e9todos ancestrales y agroecol\u00f3gicos siembran ma\u00edz en m\u00e9todo milpa, como una manera de garantizar su soberan\u00eda alimentaria, con alto valor nutrimental, protegiendo as\u00ed al territorio de los brutales intentos de la agroindustria internacional para introducir ma\u00edz transg\u00e9nico, con el riesgo a la salud que esto implica.<\/span><span style=\"font-size: medium;\"><strong><\/strong><\/span><\/p>\n<blockquote><\/blockquote>\n<blockquote><\/blockquote>\n<p>[\/et_pb_text][\/et_pb_column][et_pb_column type=&#8221;2_5&#8243; _builder_version=&#8221;4.23&#8243; _module_preset=&#8221;default&#8221; global_colors_info=&#8221;{}&#8221;][et_pb_image src=&#8221;https:\/\/maizchilango.com\/wp-content\/uploads\/2023\/09\/cropped-Maiz-Ilustracion-9.png&#8221; title_text=&#8221;cropped-Maiz-Ilustracion-9.png&#8221; align=&#8221;center&#8221; _builder_version=&#8221;4.23&#8243; _module_preset=&#8221;default&#8221; width=&#8221;68%&#8221; global_colors_info=&#8221;{}&#8221;][\/et_pb_image][\/et_pb_column][\/et_pb_row][et_pb_row _builder_version=&#8221;4.23.1&#8243; _module_preset=&#8221;default&#8221; width_tablet=&#8221;&#8221; width_phone=&#8221;90%&#8221; width_last_edited=&#8221;on|phone&#8221; custom_padding=&#8221;3px|||||&#8221; global_colors_info=&#8221;{}&#8221;][et_pb_column type=&#8221;4_4&#8243; _builder_version=&#8221;4.23&#8243; _module_preset=&#8221;default&#8221; global_colors_info=&#8221;{}&#8221;][et_pb_text _builder_version=&#8221;4.23.1&#8243; _module_preset=&#8221;default&#8221; text_text_color=&#8221;#FFFFFF&#8221; text_font_size=&#8221;18px&#8221; text_line_height=&#8221;1.9em&#8221; text_orientation=&#8221;justified&#8221; global_colors_info=&#8221;{}&#8221;]<\/p>\n<p><span style=\"font-weight: 400;\">A trav\u00e9s de historias en diversas narrativas (texto, foto, video e infograf\u00eda), este proyecto busca mostrar que una de las ciudades m\u00e1s pobladas y famosas del mundo, que es a la vez ca\u00f3tica, surrealista y cosmopolita, como es la Ciudad de M\u00e9xico, hay mucho m\u00e1s que paisajes grises, ruido, multitud y hostilidad, pues para sorpresa incluso de sus propios habitantes, una parte de su mapa es muy, muy verde. Se trata de un territorio que resiste en las alcald\u00edas del sur, desde la periferia, en el barrio, donde a\u00fan existe el habitante m\u00e1s antiguo de la ciudad: el ma\u00edz.\u00a0<\/span><\/p>\n<p><span style=\"font-weight: 400;\">Y son mujeres las que, desde las cocinas, resguardan un legado ancestral para nutrir a sus familias y, desde el campo oculto por la mancha urbana, resisten a pr\u00e1cticas industriales transg\u00e9nicas que enferman la tierra y lo que produce. Son ellas las que conocen las siete especies de ma\u00edz nativo, y saben convertirlo en tortilla y otros platillos, con base en t\u00e9cnicas tradicionales e intuitivas, como la nixtamalizaci\u00f3n, enriqueciendo su aporte nutrimental y desafiando modas culinarias. Son mujeres que conocen los beneficios de la dieta de la milpa, desde mucho antes que los organismos internacionales \u201cla descubrieran\u201d y recomendaran. Son mujeres de ma\u00edz, promoviendo justicia alimentaria en una de las ciudad m\u00e1s grandes del mundo.<\/span><\/p>\n<p><span style=\"font-weight: 400;\"><span style=\"font-size: medium;\"><strong>Este proyecto es posible gracias al financiamiento del<span style=\"text-decoration: underline;\"><span style=\"color: #ffffff;\"><a href=\"https:\/\/berthafoundation.org\/bertha-challenge\/\" target=\"_blank\" rel=\"noopener\" style=\"color: #ffffff; text-decoration: underline;\"> Bertha Challenge 2023.<\/a><\/span><\/span><\/strong><\/span><\/span><\/p>\n<p>&nbsp;<\/p>\n<p>[\/et_pb_text][\/et_pb_column][\/et_pb_row][et_pb_row _builder_version=&#8221;4.23.1&#8243; _module_preset=&#8221;default&#8221; width_tablet=&#8221;&#8221; width_phone=&#8221;90%&#8221; width_last_edited=&#8221;on|phone&#8221; global_colors_info=&#8221;{}&#8221;][et_pb_column type=&#8221;4_4&#8243; _builder_version=&#8221;4.23.1&#8243; _module_preset=&#8221;default&#8221; global_colors_info=&#8221;{}&#8221;][et_pb_text _builder_version=&#8221;4.23.1&#8243; _module_preset=&#8221;default&#8221; text_font_size=&#8221;18px&#8221; text_line_height=&#8221;1.9em&#8221; text_orientation=&#8221;justified&#8221; global_colors_info=&#8221;{}&#8221;]<\/p>\n<h1><span style=\"font-weight: 400; color: #ffffff;\">Cr\u00e9ditos\u00a0<\/span><\/h1>\n<p><span style=\"font-weight: 400; color: #ffffff;\">Coordinaci\u00f3n: Greta Rico\u00a0<\/span><\/p>\n<p><span style=\"font-weight: 400; color: #ffffff;\">Fotograf\u00eda: Greta Rico\u00a0<\/span><\/p>\n<p><span style=\"font-weight: 400; color: #ffffff;\">Redacci\u00f3n: Anaiz Zamora y Greta Rico<\/span><\/p>\n<p><span style=\"font-weight: 400; color: #ffffff;\">Edici\u00f3n: Mely Arellano\u00a0<\/span><\/p>\n<p><span style=\"font-weight: 400; color: #ffffff;\">Dise\u00f1o y programaci\u00f3n web: Flor L\u00f3pez\u00a0<\/span><\/p>\n<p><span style=\"font-weight: 400; color: #ffffff;\">Ilustraciones: Kathya Echegoyen<\/span><\/p>\n<p><span style=\"color: #ffffff;\">\u200b<\/span><\/p>\n<p>[\/et_pb_text][\/et_pb_column][\/et_pb_row][\/et_pb_section][et_pb_section fb_built=&#8221;1&#8243; _builder_version=&#8221;4.23.1&#8243; _module_preset=&#8221;default&#8221; custom_padding=&#8221;2px|||||&#8221; global_colors_info=&#8221;{}&#8221;][et_pb_row _builder_version=&#8221;4.23.1&#8243; _module_preset=&#8221;default&#8221; width_tablet=&#8221;&#8221; width_phone=&#8221;90%&#8221; width_last_edited=&#8221;on|phone&#8221; global_colors_info=&#8221;{}&#8221;][et_pb_column type=&#8221;4_4&#8243; _builder_version=&#8221;4.23.1&#8243; _module_preset=&#8221;default&#8221; global_colors_info=&#8221;{}&#8221;][et_pb_text _builder_version=&#8221;4.23&#8243; _module_preset=&#8221;default&#8221; global_colors_info=&#8221;{}&#8221;]<\/p>\n<h1 style=\"text-align: center;\">Conoce m\u00e1s historias del ma\u00edz:<\/h1>\n<p>[\/et_pb_text][\/et_pb_column][\/et_pb_row][et_pb_row column_structure=&#8221;1_4,1_4,1_4,1_4&#8243; _builder_version=&#8221;4.23.1&#8243; _module_preset=&#8221;default&#8221; width_tablet=&#8221;&#8221; width_phone=&#8221;90%&#8221; width_last_edited=&#8221;on|phone&#8221; custom_padding=&#8221;||0px|||&#8221; global_colors_info=&#8221;{}&#8221;][et_pb_column type=&#8221;1_4&#8243; _builder_version=&#8221;4.23&#8243; _module_preset=&#8221;default&#8221; global_colors_info=&#8221;{}&#8221;][et_pb_image src=&#8221;https:\/\/maizchilango.com\/wp-content\/uploads\/2023\/10\/PortadaH2_Color-1-scaled.jpg&#8221; url=&#8221;https:\/\/maizchilango.com\/mujeres-del-maiz-sabiduria-ancestral-contra-una-industria-que-enferma\/&#8221; _builder_version=&#8221;4.23.1&#8243; _module_preset=&#8221;default&#8221; hover_enabled=&#8221;0&#8243; global_colors_info=&#8221;{}&#8221; sticky_enabled=&#8221;0&#8243;][\/et_pb_image][et_pb_text _builder_version=&#8221;4.23.1&#8243; _module_preset=&#8221;default&#8221; link_option_url=&#8221;https:\/\/maizchilango.com\/mujeres-del-maiz-sabiduria-ancestral-contra-una-industria-que-enferma\/&#8221; global_colors_info=&#8221;{}&#8221;]<\/p>\n<h2 class=\"et_pb_slide_title\">Mujeres de ma\u00edz: sabidur\u00eda ancestral contra una industria que enferma<\/h2>\n<p>[\/et_pb_text][\/et_pb_column][et_pb_column type=&#8221;1_4&#8243; _builder_version=&#8221;4.23&#8243; _module_preset=&#8221;default&#8221; global_colors_info=&#8221;{}&#8221;][et_pb_image src=&#8221;https:\/\/maizchilango.com\/wp-content\/uploads\/2023\/10\/PortadaH1_Color-1-scaled.jpg&#8221; url=&#8221;https:\/\/maizchilango.com\/maiz-nativo-el-habitante-de-la-cdmx-que-se-resiste-al-desalojo\/&#8221; _builder_version=&#8221;4.23.1&#8243; _module_preset=&#8221;default&#8221; hover_enabled=&#8221;0&#8243; global_colors_info=&#8221;{}&#8221; sticky_enabled=&#8221;0&#8243;][\/et_pb_image][et_pb_text _builder_version=&#8221;4.23.1&#8243; _module_preset=&#8221;default&#8221; link_option_url=&#8221;https:\/\/maizchilango.com\/maiz-nativo-el-habitante-de-la-cdmx-que-se-resiste-al-desalojo\/&#8221; global_colors_info=&#8221;{}&#8221;]<\/p>\n<h2 class=\"et_pb_slide_title\">Ma\u00edz nativo, el habitante de la CDMX que se resiste al desalojo<\/h2>\n<p>[\/et_pb_text][\/et_pb_column][et_pb_column type=&#8221;1_4&#8243; _builder_version=&#8221;4.23&#8243; _module_preset=&#8221;default&#8221; global_colors_info=&#8221;{}&#8221;][et_pb_image src=&#8221;https:\/\/maizchilango.com\/wp-content\/uploads\/2023\/11\/Portada_Color.jpg&#8221; url=&#8221;https:\/\/maizchilango.com\/su-ciclo\/&#8221; _builder_version=&#8221;4.23.1&#8243; _module_preset=&#8221;default&#8221; hover_enabled=&#8221;0&#8243; global_colors_info=&#8221;{}&#8221; sticky_enabled=&#8221;0&#8243;][\/et_pb_image][et_pb_text _builder_version=&#8221;4.23.1&#8243; _module_preset=&#8221;default&#8221; link_option_url=&#8221;https:\/\/maizchilango.com\/su-ciclo\/&#8221; global_colors_info=&#8221;{}&#8221;]<\/p>\n<h2 class=\"et_pb_slide_title\">El ciclo agr\u00edcola del ma\u00edz nativo y sus afectaciones por el cambio clim\u00e1tico<\/h2>\n<p>[\/et_pb_text][\/et_pb_column][et_pb_column type=&#8221;1_4&#8243; _builder_version=&#8221;4.23&#8243; _module_preset=&#8221;default&#8221; global_colors_info=&#8221;{}&#8221;][et_pb_image src=&#8221;https:\/\/maizchilango.com\/wp-content\/uploads\/2023\/12\/GretaRico_11.jpg&#8221; _builder_version=&#8221;4.23.1&#8243; _module_preset=&#8221;default&#8221; title_text=&#8221;GretaRico_11&#8243; hover_enabled=&#8221;0&#8243; sticky_enabled=&#8221;0&#8243; url=&#8221;https:\/\/maizchilango.com\/es\/del-maiz-hay-que-seguir-hablando\/&#8221;][\/et_pb_image][et_pb_text _builder_version=&#8221;4.23.1&#8243; _module_preset=&#8221;default&#8221; link_option_url=&#8221;https:\/\/maizchilango.com\/es\/del-maiz-hay-que-seguir-hablando\/&#8221; hover_enabled=&#8221;0&#8243; global_colors_info=&#8221;{}&#8221; sticky_enabled=&#8221;0&#8243;]<\/p>\n<h2 class=\"et_pb_slide_title et-fb-editable-element et-fb-editable-element__editing\" data-shortcode-id=\"0.0.0-1701728116696\" data-quickaccess-id=\"header\" contenteditable=\"true\">Del ma\u00edz, hay que seguir hablando<\/h2>\n<p>[\/et_pb_text][\/et_pb_column][\/et_pb_row][\/et_pb_section]<\/p>\n","protected":false},"excerpt":{"rendered":"<p>MA\u00cdZ CHILANGO#Ma\u00edzChilango es un proyecto que visibiliza la importancia de preservar y defender las siete especies de ma\u00edz nativo de la CDMX, que resisten en las alcald\u00edas del sur, principalmente gracias al esfuerzo de mujeres que mediante m\u00e9todos ancestrales y agroecol\u00f3gicos siembran ma\u00edz en m\u00e9todo milpa, como una manera de garantizar su soberan\u00eda alimentaria, con [&hellip;]<\/p>\n","protected":false},"author":1,"featured_media":0,"parent":0,"menu_order":0,"comment_status":"closed","ping_status":"closed","template":"","meta":{"_et_pb_use_builder":"on","_et_pb_old_content":"<!-- wp:divi\/placeholder \/-->","_et_gb_content_width":"","footnotes":""},"class_list":["post-379","page","type-page","status-publish","hentry"],"_links":{"self":[{"href":"https:\/\/maizchilango.com\/es\/wp-json\/wp\/v2\/pages\/379","targetHints":{"allow":["GET"]}}],"collection":[{"href":"https:\/\/maizchilango.com\/es\/wp-json\/wp\/v2\/pages"}],"about":[{"href":"https:\/\/maizchilango.com\/es\/wp-json\/wp\/v2\/types\/page"}],"author":[{"embeddable":true,"href":"https:\/\/maizchilango.com\/es\/wp-json\/wp\/v2\/users\/1"}],"replies":[{"embeddable":true,"href":"https:\/\/maizchilango.com\/es\/wp-json\/wp\/v2\/comments?post=379"}],"version-history":[{"count":17,"href":"https:\/\/maizchilango.com\/es\/wp-json\/wp\/v2\/pages\/379\/revisions"}],"predecessor-version":[{"id":1100,"href":"https:\/\/maizchilango.com\/es\/wp-json\/wp\/v2\/pages\/379\/revisions\/1100"}],"wp:attachment":[{"href":"https:\/\/maizchilango.com\/es\/wp-json\/wp\/v2\/media?parent=379"}],"curies":[{"name":"wp","href":"https:\/\/api.w.org\/{rel}","templated":true}]}}