{"id":381,"date":"2023-10-23T17:45:12","date_gmt":"2023-10-23T17:45:12","guid":{"rendered":"https:\/\/maizchilango.com\/?page_id=381"},"modified":"2023-12-06T01:57:37","modified_gmt":"2023-12-06T01:57:37","slug":"multimedia","status":"publish","type":"page","link":"https:\/\/maizchilango.com\/es\/multimedia\/","title":{"rendered":"Multimedia"},"content":{"rendered":"<p>[et_pb_section fb_built=&#8221;1&#8243; fullwidth=&#8221;on&#8221; _builder_version=&#8221;4.23.1&#8243; _module_preset=&#8221;default&#8221; background_color=&#8221;#d7973c&#8221; hover_enabled=&#8221;0&#8243; global_colors_info=&#8221;{}&#8221; disabled_on=&#8221;on|off|off&#8221; sticky_enabled=&#8221;0&#8243;][et_pb_fullwidth_image src=&#8221;https:\/\/maizchilango.com\/wp-content\/uploads\/2023\/10\/Milpas-web-ilustracion.png&#8221; title_text=&#8221;Milpas-web-ilustracion&#8221; _builder_version=&#8221;4.23.1&#8243; _module_preset=&#8221;default&#8221; global_colors_info=&#8221;{}&#8221;][\/et_pb_fullwidth_image][\/et_pb_section][et_pb_section fb_built=&#8221;1&#8243; disabled_on=&#8221;off|off|off&#8221; _builder_version=&#8221;4.23.1&#8243; _module_preset=&#8221;default&#8221; background_color=&#8221;#d6ae7a&#8221; width=&#8221;100%&#8221; height=&#8221;100%&#8221; custom_padding=&#8221;0px||20px|||&#8221; global_colors_info=&#8221;{}&#8221;][et_pb_row _builder_version=&#8221;4.23.1&#8243; _module_preset=&#8221;default&#8221; width=&#8221;100%&#8221; width_tablet=&#8221;100%&#8221; width_phone=&#8221;100%&#8221; width_last_edited=&#8221;on|phone&#8221; max_width=&#8221;2560px&#8221; max_width_tablet=&#8221;2560px&#8221; max_width_phone=&#8221;2560px&#8221; max_width_last_edited=&#8221;on|phone&#8221; custom_padding=&#8221;0px||||false|false&#8221; global_colors_info=&#8221;{}&#8221;][et_pb_column type=&#8221;4_4&#8243; _builder_version=&#8221;4.23&#8243; _module_preset=&#8221;default&#8221; global_colors_info=&#8221;{}&#8221;][et_pb_image src=&#8221;https:\/\/maizchilango.com\/wp-content\/uploads\/2023\/10\/Milpas-web-ilustracion.png&#8221; title_text=&#8221;Milpas-web-ilustracion&#8221; disabled_on=&#8221;off|on|on&#8221; _builder_version=&#8221;4.23.1&#8243; _module_preset=&#8221;default&#8221; global_colors_info=&#8221;{}&#8221;][\/et_pb_image][et_pb_text _builder_version=&#8221;4.23.1&#8243; _module_preset=&#8221;default&#8221; text_font_size=&#8221;19px&#8221; text_orientation=&#8221;justified&#8221; width=&#8221;80%&#8221; width_tablet=&#8221;80%&#8221; width_phone=&#8221;90%&#8221; width_last_edited=&#8221;on|phone&#8221; module_alignment=&#8221;center&#8221; custom_padding=&#8221;50px|50px|50px|50px|true|true&#8221; custom_padding_tablet=&#8221;|50px||50px|false|true&#8221; custom_padding_phone=&#8221;|20px||20px|false|true&#8221; custom_padding_last_edited=&#8221;on|phone&#8221; text_font_size_tablet=&#8221;19px&#8221; text_font_size_phone=&#8221;17px&#8221; text_font_size_last_edited=&#8221;on|phone&#8221; text_orientation_tablet=&#8221;justified&#8221; text_orientation_phone=&#8221;left&#8221; text_orientation_last_edited=&#8221;on|phone&#8221; global_colors_info=&#8221;{}&#8221;]<\/p>\n<h1 style=\"text-align: center;\"><span style=\"font-weight: 400; color: #ffffff;\">Multimedia<\/span><\/h1>\n<p><span style=\"font-weight: 400; color: #ffffff;\"><\/span><\/p>\n<p><span style=\"font-weight: 400; color: #ffffff;\">S\u00ed, en la CDMX adem\u00e1s de multitudes, concreto y contaminaci\u00f3n, hay mucho campo. No s\u00f3lo eso, en 7 de sus 16 alcald\u00edas se siembra ma\u00edz nativo, y de hecho la capital del pa\u00eds es hogar de 7 de las 59 razas nativas mexicanas que se conocen.<\/span><\/p>\n<p>[\/et_pb_text][\/et_pb_column][\/et_pb_row][\/et_pb_section][et_pb_section fb_built=&#8221;1&#8243; _builder_version=&#8221;4.23.1&#8243; _module_preset=&#8221;default&#8221; custom_padding=&#8221;3px||5px|||&#8221; global_colors_info=&#8221;{}&#8221;][et_pb_row column_structure=&#8221;1_2,1_2&#8243; _builder_version=&#8221;4.23.1&#8243; _module_preset=&#8221;default&#8221; width=&#8221;90%&#8221; width_tablet=&#8221;90%&#8221; width_phone=&#8221;100%&#8221; width_last_edited=&#8221;on|phone&#8221; max_width=&#8221;2560px&#8221; max_width_tablet=&#8221;2560px&#8221; max_width_phone=&#8221;2560px&#8221; max_width_last_edited=&#8221;on|phone&#8221; module_alignment=&#8221;center&#8221; global_colors_info=&#8221;{}&#8221;][et_pb_column type=&#8221;1_2&#8243; _builder_version=&#8221;4.23.1&#8243; _module_preset=&#8221;default&#8221; global_colors_info=&#8221;{}&#8221;][et_pb_image src=&#8221;https:\/\/maizchilango.com\/wp-content\/uploads\/2023\/09\/Maiz-Infografia-1F1.png&#8221; title_text=&#8221;Maiz-Infografia-1F1&#8243; align=&#8221;center&#8221; _builder_version=&#8221;4.23&#8243; _module_preset=&#8221;default&#8221; global_colors_info=&#8221;{}&#8221;][\/et_pb_image][et_pb_text content_tablet=&#8221;<\/p>\n<p><span style=%22font-weight: 400;%22>Una de las alcald\u00edas donde a\u00fan se siembra ma\u00edz nativo es Xochimilco, donde se trabaja la chinampa, un m\u00e9todo prehisp\u00e1nico y agroforestal de cultivo con muchos nutrientes, propicio de un lago un humedal. <\/span><\/p>\n<p>&#8221; content_phone=&#8221;<\/p>\n<p style=%22text-align: center;%22><strong>Una de las alcald\u00edas donde a\u00fan se siembra ma\u00edz nativo es Xochimilco, donde se trabaja la chinampa, un m\u00e9todo prehisp\u00e1nico y agroforestal de cultivo con muchos nutrientes, propicio de un lago un humedal. <\/strong><\/p>\n<p>&#8221; content_last_edited=&#8221;on|phone&#8221; _builder_version=&#8221;4.23.1&#8243; _module_preset=&#8221;default&#8221; text_font_size=&#8221;17px&#8221; width_tablet=&#8221;&#8221; width_phone=&#8221;90%&#8221; width_last_edited=&#8221;on|phone&#8221; module_alignment=&#8221;center&#8221; global_colors_info=&#8221;{}&#8221;]<\/p>\n<p><span style=\"font-weight: 400;\">Una de las alcald\u00edas donde a\u00fan se siembra ma\u00edz nativo es Xochimilco, donde se trabaja la chinampa, un m\u00e9todo prehisp\u00e1nico y agroforestal de cultivo con muchos nutrientes, propicio de un lago un humedal.\u00a0<\/span><\/p>\n<p>[\/et_pb_text][\/et_pb_column][et_pb_column type=&#8221;1_2&#8243; _builder_version=&#8221;4.23.1&#8243; _module_preset=&#8221;default&#8221; global_colors_info=&#8221;{}&#8221;][et_pb_image src=&#8221;https:\/\/maizchilango.com\/wp-content\/uploads\/2023\/09\/Maiz-Infografia-2F1.png&#8221; title_text=&#8221;Maiz-Infografia-2F1&#8243; align=&#8221;center&#8221; _builder_version=&#8221;4.23.1&#8243; _module_preset=&#8221;default&#8221; global_colors_info=&#8221;{}&#8221;][\/et_pb_image][et_pb_text content_tablet=&#8221;<\/p>\n<p><span style=%22font-weight: 400;%22>Una vez que se cosecha el ma\u00edz de la milpa, se convierte en un mont\u00f3n de alimentos a trav\u00e9s de una t\u00e9cnica ancestral inventada y preservada por las mujeres, la nixtamalizaci\u00f3n, que potencializa el valor nutricional del ma\u00edz. Adem\u00e1s, el ma\u00edz sembrado en milpa garantiza una cosecha libre de qu\u00edmicos, a diferencia de las harinas industrializadas que tanto se consumen en M\u00e9xico.<\/span><\/p>\n<p>&#8221; content_phone=&#8221;<\/p>\n<p style=%22text-align: center;%22><strong>Una vez que se cosecha el ma\u00edz de la milpa, se convierte en un mont\u00f3n de alimentos a trav\u00e9s de una t\u00e9cnica ancestral inventada y preservada por las mujeres, la nixtamalizaci\u00f3n, que potencializa el valor nutricional del ma\u00edz. Adem\u00e1s, el ma\u00edz sembrado en milpa garantiza una cosecha libre de qu\u00edmicos, a diferencia de las harinas industrializadas que tanto se consumen en M\u00e9xico.<\/strong><\/p>\n<p>&#8221; content_last_edited=&#8221;on|phone&#8221; _builder_version=&#8221;4.23.1&#8243; _module_preset=&#8221;default&#8221; text_font_size=&#8221;17px&#8221; width_tablet=&#8221;&#8221; width_phone=&#8221;90%&#8221; width_last_edited=&#8221;on|phone&#8221; module_alignment=&#8221;center&#8221; global_colors_info=&#8221;{}&#8221;]<\/p>\n<p><span style=\"font-weight: 400;\">Una vez que se cosecha el ma\u00edz de la milpa, se convierte en un mont\u00f3n de alimentos a trav\u00e9s de una t\u00e9cnica ancestral inventada y preservada por las mujeres, la nixtamalizaci\u00f3n, que potencializa el valor nutricional del ma\u00edz. Adem\u00e1s, el ma\u00edz sembrado en milpa garantiza una cosecha libre de qu\u00edmicos, a diferencia de las harinas industrializadas que tanto se consumen en M\u00e9xico.<\/span><\/p>\n<p>[\/et_pb_text][\/et_pb_column][\/et_pb_row][\/et_pb_section][et_pb_section fb_built=&#8221;1&#8243; _builder_version=&#8221;4.23.1&#8243; _module_preset=&#8221;default&#8221; custom_padding=&#8221;0px||30px|||&#8221; global_colors_info=&#8221;{}&#8221;][et_pb_row column_structure=&#8221;1_2,1_2&#8243; _builder_version=&#8221;4.23.1&#8243; _module_preset=&#8221;default&#8221; width=&#8221;90%&#8221; width_tablet=&#8221;90%&#8221; width_phone=&#8221;100%&#8221; width_last_edited=&#8221;on|phone&#8221; max_width=&#8221;2560px&#8221; max_width_tablet=&#8221;2560px&#8221; max_width_phone=&#8221;2560px&#8221; max_width_last_edited=&#8221;on|phone&#8221; global_colors_info=&#8221;{}&#8221;][et_pb_column type=&#8221;1_2&#8243; _builder_version=&#8221;4.23.1&#8243; _module_preset=&#8221;default&#8221; global_colors_info=&#8221;{}&#8221;][et_pb_code _builder_version=&#8221;4.23.1&#8243; _module_preset=&#8221;default&#8221; global_colors_info=&#8221;{}&#8221;]<iframe loading=\"lazy\" width=\"560\" height=\"315\" src=\"https:\/\/www.youtube.com\/embed\/a1OCzmaIl1w?si=StWGZG3acKZOqKFg\" title=\"YouTube video player\" frameborder=\"0\" allow=\"accelerometer; autoplay; clipboard-write; encrypted-media; gyroscope; picture-in-picture; web-share\" allowfullscreen><\/iframe>[\/et_pb_code][et_pb_text disabled_on=&#8221;off|on|on&#8221; _builder_version=&#8221;4.23.1&#8243; _module_preset=&#8221;default&#8221; width_tablet=&#8221;&#8221; width_phone=&#8221;90%&#8221; width_last_edited=&#8221;on|phone&#8221; module_alignment=&#8221;center&#8221; text_font_size_tablet=&#8221;&#8221; text_font_size_phone=&#8221;17px&#8221; text_font_size_last_edited=&#8221;on|phone&#8221; global_colors_info=&#8221;{}&#8221;]<\/p>\n<p style=\"text-align: center;\"><strong>En las chinampas se desarroll\u00f3 el sistema de policultivo que M\u00e9xico presume al mundo: la milpa. La milpa es un agroecosistema, que permite aprovechar la tierra, pues adem\u00e1s de sembrar ma\u00edz, se siembran otros productos a su alrededor y cada uno tiene una funci\u00f3n.\u00a0<\/strong><\/p>\n<p>[\/et_pb_text][\/et_pb_column][et_pb_column type=&#8221;1_2&#8243; _builder_version=&#8221;4.23.1&#8243; _module_preset=&#8221;default&#8221; global_colors_info=&#8221;{}&#8221;][et_pb_code _builder_version=&#8221;4.23.1&#8243; _module_preset=&#8221;default&#8221; global_colors_info=&#8221;{}&#8221;]<iframe loading=\"lazy\" width=\"560\" height=\"315\" src=\"https:\/\/www.youtube.com\/embed\/aLuGjl9-c28?si=eurIMpqx2jgjQPvr\" title=\"YouTube video player\" frameborder=\"0\" allow=\"accelerometer; autoplay; clipboard-write; encrypted-media; gyroscope; picture-in-picture; web-share\" allowfullscreen><\/iframe>[\/et_pb_code][et_pb_text disabled_on=&#8221;off|on|on&#8221; _builder_version=&#8221;4.23.1&#8243; _module_preset=&#8221;default&#8221; width_tablet=&#8221;&#8221; width_phone=&#8221;90%&#8221; width_last_edited=&#8221;on|phone&#8221; module_alignment=&#8221;center&#8221; text_font_size_tablet=&#8221;&#8221; text_font_size_phone=&#8221;17px&#8221; text_font_size_last_edited=&#8221;on|phone&#8221; global_colors_info=&#8221;{}&#8221;]<\/p>\n<p style=\"text-align: center;\"><strong>Durante a\u00f1os, M\u00e9xico impuls\u00f3 pol\u00edticas que afectaron el campo, y sobre todo el cultivo del ma\u00edz, sin embargo desde pocos a\u00f1os ha vuelto a defender su ma\u00edz nativo contra los intentos de empresas trasnacionales que quieren introducir semillas transg\u00e9nicas, que usan glifosato, un qu\u00edmico que puede causar diversas enfermedades. Se trata de una batalla que se sigue librando a nivel gubernamental.<\/strong><\/p>\n<p>[\/et_pb_text][\/et_pb_column][\/et_pb_row][et_pb_row column_structure=&#8221;1_2,1_2&#8243; disabled_on=&#8221;on|off|off&#8221; _builder_version=&#8221;4.23.1&#8243; _module_preset=&#8221;default&#8221; width=&#8221;90%&#8221; max_width=&#8221;2560px&#8221; custom_padding=&#8221;10px|||||&#8221; global_colors_info=&#8221;{}&#8221;][et_pb_column type=&#8221;1_2&#8243; _builder_version=&#8221;4.23.1&#8243; _module_preset=&#8221;default&#8221; global_colors_info=&#8221;{}&#8221;][et_pb_text _builder_version=&#8221;4.23.1&#8243; _module_preset=&#8221;default&#8221; text_font_size=&#8221;17px&#8221; global_colors_info=&#8221;{}&#8221;]<\/p>\n<p><span style=\"font-weight: 400;\">En las chinampas se desarroll\u00f3 el sistema de policultivo que M\u00e9xico presume al mundo: la milpa. La milpa es un agroecosistema, que permite aprovechar la tierra, pues adem\u00e1s de sembrar ma\u00edz, se siembran otros productos a su alrededor y cada uno tiene una funci\u00f3n.\u00a0<\/span><\/p>\n<p>[\/et_pb_text][\/et_pb_column][et_pb_column type=&#8221;1_2&#8243; _builder_version=&#8221;4.23.1&#8243; _module_preset=&#8221;default&#8221; global_colors_info=&#8221;{}&#8221;][et_pb_text _builder_version=&#8221;4.23.1&#8243; _module_preset=&#8221;default&#8221; text_font_size=&#8221;17px&#8221; global_colors_info=&#8221;{}&#8221;]<\/p>\n<p><span style=\"font-weight: 400;\">Durante a\u00f1os, M\u00e9xico impuls\u00f3 pol\u00edticas que afectaron el campo, y sobre todo el cultivo del ma\u00edz, sin embargo desde pocos a\u00f1os ha vuelto a defender su ma\u00edz nativo contra los intentos de empresas trasnacionales que quieren introducir semillas transg\u00e9nicas, que usan glifosato, un qu\u00edmico que puede causar diversas enfermedades. Se trata de una batalla que se sigue librando a nivel gubernamental.<\/span><\/p>\n<p>[\/et_pb_text][\/et_pb_column][\/et_pb_row][\/et_pb_section][et_pb_section fb_built=&#8221;1&#8243; _builder_version=&#8221;4.23&#8243; _module_preset=&#8221;default&#8221; custom_padding=&#8221;1px||24px|||&#8221; global_colors_info=&#8221;{}&#8221;][et_pb_row _builder_version=&#8221;4.23&#8243; _module_preset=&#8221;default&#8221; custom_padding=&#8221;9px|||||&#8221; global_colors_info=&#8221;{}&#8221;][et_pb_column type=&#8221;4_4&#8243; _builder_version=&#8221;4.23&#8243; _module_preset=&#8221;default&#8221; global_colors_info=&#8221;{}&#8221;][et_pb_code _builder_version=&#8221;4.23&#8243; _module_preset=&#8221;default&#8221; global_colors_info=&#8221;{}&#8221;]<iframe src='https:\/\/cdn.knightlab.com\/libs\/timeline3\/latest\/embed\/index.html?source=1jLxuvccdmVerzko2vxWYg42r4EMWe7WvM4nTryVRW_0&#038;font=Default&#038;lang=en&#038;initial_zoom=2&#038;height=650' width='100%' height='650' webkitallowfullscreen mozallowfullscreen allowfullscreen frameborder='0'><\/iframe>[\/et_pb_code][et_pb_text _builder_version=&#8221;4.23.1&#8243; _module_preset=&#8221;default&#8221; text_font_size=&#8221;17px&#8221; text_orientation=&#8221;justified&#8221; global_colors_info=&#8221;{}&#8221;]<\/p>\n<p><span style=\"font-weight: 400;\">Cuando comenz\u00f3 esta investigaci\u00f3n, Greta Rico y Anaiz Zamora no sab\u00edan todo lo que encontrar\u00edan, ni cu\u00e1nto les sorprender\u00edan esos hallazgos, que las llevaron a recordar sus propias ra\u00edces y a confirmar lo urgente que es informar a quienes habitan la CDMX sobre la importancia de conocer y defender su ma\u00edz. En este podcast ellas mismas lo reflexionan y lo cuentan.<\/span><\/p>\n<p>[\/et_pb_text][\/et_pb_column][\/et_pb_row][et_pb_row _builder_version=&#8221;4.23.1&#8243; _module_preset=&#8221;default&#8221; width_tablet=&#8221;&#8221; width_phone=&#8221;90%&#8221; width_last_edited=&#8221;on|phone&#8221; max_width_tablet=&#8221;&#8221; max_width_phone=&#8221;&#8221; max_width_last_edited=&#8221;on|phone&#8221; global_colors_info=&#8221;{}&#8221;][et_pb_column type=&#8221;4_4&#8243; _builder_version=&#8221;4.23.1&#8243; _module_preset=&#8221;default&#8221; global_colors_info=&#8221;{}&#8221;][et_pb_code _builder_version=&#8221;4.23.1&#8243; _module_preset=&#8221;default&#8221; global_colors_info=&#8221;{}&#8221;]<iframe style=\"border-radius:12px\" src=\"https:\/\/open.spotify.com\/embed\/episode\/2JREXRnOoxeTbIwiG7iL3b?utm_source=generator\" width=\"100%\" height=\"352\" frameBorder=\"0\" allowfullscreen=\"\" allow=\"autoplay; clipboard-write; encrypted-media; fullscreen; picture-in-picture\" loading=\"lazy\"><\/iframe>[\/et_pb_code][\/et_pb_column][\/et_pb_row][\/et_pb_section][et_pb_section fb_built=&#8221;1&#8243; _builder_version=&#8221;4.23.1&#8243; _module_preset=&#8221;default&#8221; custom_margin=&#8221;80px||||false|false&#8221; custom_padding=&#8221;2px||37px||false|false&#8221; global_colors_info=&#8221;{}&#8221;][et_pb_row _builder_version=&#8221;4.23.1&#8243; _module_preset=&#8221;default&#8221; custom_padding=&#8221;14px||11px|||&#8221; global_colors_info=&#8221;{}&#8221;][et_pb_column type=&#8221;4_4&#8243; _builder_version=&#8221;4.23.1&#8243; _module_preset=&#8221;default&#8221; global_colors_info=&#8221;{}&#8221;][et_pb_text _builder_version=&#8221;4.23&#8243; _module_preset=&#8221;default&#8221; global_colors_info=&#8221;{}&#8221;]<\/p>\n<h1 style=\"text-align: center;\">Conoce m\u00e1s historias del ma\u00edz:<\/h1>\n<p>[\/et_pb_text][\/et_pb_column][\/et_pb_row][et_pb_row column_structure=&#8221;1_4,1_4,1_4,1_4&#8243; _builder_version=&#8221;4.23&#8243; _module_preset=&#8221;default&#8221; custom_padding=&#8221;5px||0px|||&#8221; global_colors_info=&#8221;{}&#8221;][et_pb_column type=&#8221;1_4&#8243; _builder_version=&#8221;4.23&#8243; _module_preset=&#8221;default&#8221; global_colors_info=&#8221;{}&#8221;][et_pb_image src=&#8221;https:\/\/maizchilango.com\/wp-content\/uploads\/2023\/10\/PortadaH2_Color-1-scaled.jpg&#8221; url=&#8221;https:\/\/maizchilango.com\/mujeres-del-maiz-sabiduria-ancestral-contra-una-industria-que-enferma\/&#8221; _builder_version=&#8221;4.23.1&#8243; _module_preset=&#8221;default&#8221; global_colors_info=&#8221;{}&#8221;][\/et_pb_image][et_pb_text _builder_version=&#8221;4.23.1&#8243; _module_preset=&#8221;default&#8221; link_option_url=&#8221;https:\/\/maizchilango.com\/mujeres-del-maiz-sabiduria-ancestral-contra-una-industria-que-enferma\/&#8221; global_colors_info=&#8221;{}&#8221;]<\/p>\n<h2 class=\"et_pb_slide_title\">Mujeres de ma\u00edz: sabidur\u00eda ancestral contra una industria que enferma<\/h2>\n<p>[\/et_pb_text][\/et_pb_column][et_pb_column type=&#8221;1_4&#8243; _builder_version=&#8221;4.23&#8243; _module_preset=&#8221;default&#8221; global_colors_info=&#8221;{}&#8221;][et_pb_image src=&#8221;https:\/\/maizchilango.com\/wp-content\/uploads\/2023\/10\/PortadaH1_Color-1-scaled.jpg&#8221; url=&#8221;https:\/\/maizchilango.com\/maiz-nativo-el-habitante-de-la-cdmx-que-se-resiste-al-desalojo\/&#8221; _builder_version=&#8221;4.23.1&#8243; _module_preset=&#8221;default&#8221; global_colors_info=&#8221;{}&#8221;][\/et_pb_image][et_pb_text _builder_version=&#8221;4.23.1&#8243; _module_preset=&#8221;default&#8221; text_orientation=&#8221;center&#8221; module_alignment=&#8221;center&#8221; link_option_url=&#8221;https:\/\/maizchilango.com\/maiz-nativo-el-habitante-de-la-cdmx-que-se-resiste-al-desalojo\/&#8221; global_colors_info=&#8221;{}&#8221;]<\/p>\n<h2 class=\"et_pb_slide_title\" style=\"text-align: left;\">Ma\u00edz nativo, el habitante de la CDMX que se resiste al desalojo<\/h2>\n<p>[\/et_pb_text][\/et_pb_column][et_pb_column type=&#8221;1_4&#8243; _builder_version=&#8221;4.23&#8243; _module_preset=&#8221;default&#8221; global_colors_info=&#8221;{}&#8221;][et_pb_image src=&#8221;https:\/\/maizchilango.com\/wp-content\/uploads\/2023\/11\/Portada_Color.jpg&#8221; url=&#8221;https:\/\/maizchilango.com\/su-ciclo\/&#8221; _builder_version=&#8221;4.23.1&#8243; _module_preset=&#8221;default&#8221; global_colors_info=&#8221;{}&#8221;][\/et_pb_image][et_pb_text _builder_version=&#8221;4.23.1&#8243; _module_preset=&#8221;default&#8221; text_orientation=&#8221;center&#8221; module_alignment=&#8221;center&#8221; link_option_url=&#8221;https:\/\/maizchilango.com\/su-ciclo\/&#8221; global_colors_info=&#8221;{}&#8221;]<\/p>\n<h2 class=\"et_pb_slide_title\" style=\"text-align: left;\">El ciclo agr\u00edcola del ma\u00edz nativo y sus afectaciones por el cambio clim\u00e1tico<\/h2>\n<p>[\/et_pb_text][\/et_pb_column][et_pb_column type=&#8221;1_4&#8243; _builder_version=&#8221;4.23&#8243; _module_preset=&#8221;default&#8221; global_colors_info=&#8221;{}&#8221;][et_pb_image src=&#8221;https:\/\/maizchilango.com\/wp-content\/uploads\/2023\/12\/GretaRico_11.jpg&#8221; title_text=&#8221;GretaRico_11&#8243; url=&#8221;https:\/\/maizchilango.com\/es\/del-maiz-hay-que-seguir-hablando\/&#8221; _builder_version=&#8221;4.23.1&#8243; _module_preset=&#8221;default&#8221; global_colors_info=&#8221;{}&#8221;][\/et_pb_image][et_pb_text _builder_version=&#8221;4.23.1&#8243; _module_preset=&#8221;default&#8221; text_orientation=&#8221;center&#8221; module_alignment=&#8221;center&#8221; link_option_url=&#8221;https:\/\/maizchilango.com\/es\/del-maiz-hay-que-seguir-hablando\/&#8221; global_colors_info=&#8221;{}&#8221;]<\/p>\n<h2 class=\"et_pb_slide_title\" style=\"text-align: left;\">Del ma\u00edz, hay que seguir hablando<\/h2>\n<p>[\/et_pb_text][\/et_pb_column][\/et_pb_row][\/et_pb_section]<\/p>\n","protected":false},"excerpt":{"rendered":"<p>Multimedia S\u00ed, en la CDMX adem\u00e1s de multitudes, concreto y contaminaci\u00f3n, hay mucho campo. No s\u00f3lo eso, en 7 de sus 16 alcald\u00edas se siembra ma\u00edz nativo, y de hecho la capital del pa\u00eds es hogar de 7 de las 59 razas nativas mexicanas que se conocen.Una de las alcald\u00edas donde a\u00fan se siembra ma\u00edz [&hellip;]<\/p>\n","protected":false},"author":1,"featured_media":0,"parent":0,"menu_order":0,"comment_status":"closed","ping_status":"closed","template":"","meta":{"_et_pb_use_builder":"on","_et_pb_old_content":"<!-- wp:divi\/placeholder \/-->","_et_gb_content_width":"","footnotes":""},"class_list":["post-381","page","type-page","status-publish","hentry"],"_links":{"self":[{"href":"https:\/\/maizchilango.com\/es\/wp-json\/wp\/v2\/pages\/381","targetHints":{"allow":["GET"]}}],"collection":[{"href":"https:\/\/maizchilango.com\/es\/wp-json\/wp\/v2\/pages"}],"about":[{"href":"https:\/\/maizchilango.com\/es\/wp-json\/wp\/v2\/types\/page"}],"author":[{"embeddable":true,"href":"https:\/\/maizchilango.com\/es\/wp-json\/wp\/v2\/users\/1"}],"replies":[{"embeddable":true,"href":"https:\/\/maizchilango.com\/es\/wp-json\/wp\/v2\/comments?post=381"}],"version-history":[{"count":27,"href":"https:\/\/maizchilango.com\/es\/wp-json\/wp\/v2\/pages\/381\/revisions"}],"predecessor-version":[{"id":1158,"href":"https:\/\/maizchilango.com\/es\/wp-json\/wp\/v2\/pages\/381\/revisions\/1158"}],"wp:attachment":[{"href":"https:\/\/maizchilango.com\/es\/wp-json\/wp\/v2\/media?parent=381"}],"curies":[{"name":"wp","href":"https:\/\/api.w.org\/{rel}","templated":true}]}}